{"id":149,"date":"2019-08-02T11:35:01","date_gmt":"2019-08-02T11:35:01","guid":{"rendered":"https:\/\/www.absag.ch\/?page_id=149"},"modified":"2025-11-24T14:19:13","modified_gmt":"2025-11-24T14:19:13","slug":"begleitung","status":"publish","type":"page","link":"https:\/\/www.absag.ch\/?page_id=149","title":{"rendered":"Begleitung"},"content":{"rendered":"\n<h2 class=\"wp-block-heading\">Begleitung im Schadenfall<\/h2>\n\n\n\n<p><strong>Wir sind f\u00fcr Sie da!<\/strong><\/p>\n\n\n\n<p>Im Schadenfall begleiten wir den Kunden soweit es die Datenschutzbestimmungen erlauben.  <br>Der Schadenfall wird, wenn m\u00f6glich, immer \u00fcber die ABS angemeldet :<\/p>\n\n\n\n<p>Sie haben folgende M\u00f6glichkeiten :<\/p>\n\n\n\n<ul class=\"wp-block-list\">\n<li>Telefonisch  +41 32 613 32 52<\/li>\n\n\n\n<li>via <a href=\"&#109;a&#105;l&#116;o&#x3a;a&#x75;s&#x6b;u&#x6e;f&#x74;&#64;&#x61;b&#x73;a&#x67;&#46;&#x63;h\">email<\/a><\/li>\n<\/ul>\n\n\n\n<p><\/p>\n","protected":false},"excerpt":{"rendered":"<p>Begleitung im Schadenfall Wir sind f\u00fcr Sie da! Im Schadenfall begleiten wir den Kunden soweit es die Datenschutzbestimmungen erlauben. Der Schadenfall wird, wenn m\u00f6glich, immer \u00fcber die ABS angemeldet : Sie haben folgende M\u00f6glichkeiten :<\/p>\n","protected":false},"author":1,"featured_media":0,"parent":68,"menu_order":0,"comment_status":"closed","ping_status":"closed","template":"","meta":{"_eb_attr":"","_uag_custom_page_level_css":"","pgc_sgb_lightbox_settings":"","footnotes":""},"class_list":["post-149","page","type-page","status-publish"],"uagb_featured_image_src":{"full":false,"thumbnail":false,"medium":false,"medium_large":false,"large":false,"1536x1536":false,"2048x2048":false},"uagb_author_info":{"display_name":"admin","author_link":"https:\/\/www.absag.ch\/?author=1"},"uagb_comment_info":0,"uagb_excerpt":"Begleitung im Schadenfall Wir sind f\u00fcr Sie da! Im Schadenfall begleiten wir den Kunden soweit es die Datenschutzbestimmungen erlauben. Der Schadenfall wird, wenn m\u00f6glich, immer \u00fcber die ABS angemeldet : Sie haben folgende M\u00f6glichkeiten :","_links":{"self":[{"href":"https:\/\/www.absag.ch\/index.php?rest_route=\/wp\/v2\/pages\/149","targetHints":{"allow":["GET"]}}],"collection":[{"href":"https:\/\/www.absag.ch\/index.php?rest_route=\/wp\/v2\/pages"}],"about":[{"href":"https:\/\/www.absag.ch\/index.php?rest_route=\/wp\/v2\/types\/page"}],"author":[{"embeddable":true,"href":"https:\/\/www.absag.ch\/index.php?rest_route=\/wp\/v2\/users\/1"}],"replies":[{"embeddable":true,"href":"https:\/\/www.absag.ch\/index.php?rest_route=%2Fwp%2Fv2%2Fcomments&post=149"}],"version-history":[{"count":8,"href":"https:\/\/www.absag.ch\/index.php?rest_route=\/wp\/v2\/pages\/149\/revisions"}],"predecessor-version":[{"id":416,"href":"https:\/\/www.absag.ch\/index.php?rest_route=\/wp\/v2\/pages\/149\/revisions\/416"}],"up":[{"embeddable":true,"href":"https:\/\/www.absag.ch\/index.php?rest_route=\/wp\/v2\/pages\/68"}],"wp:attachment":[{"href":"https:\/\/www.absag.ch\/index.php?rest_route=%2Fwp%2Fv2%2Fmedia&parent=149"}],"curies":[{"name":"wp","href":"https:\/\/api.w.org\/{rel}","templated":true}]}}