{"id":349,"date":"2023-08-28T13:53:30","date_gmt":"2023-08-28T13:53:30","guid":{"rendered":"https:\/\/www.absag.ch\/?page_id=349"},"modified":"2023-08-28T14:29:53","modified_gmt":"2023-08-28T14:29:53","slug":"datenrichtlinien","status":"publish","type":"page","link":"https:\/\/www.absag.ch\/?page_id=349","title":{"rendered":"Datenrichtlinien"},"content":{"rendered":"\n<ol class=\"wp-block-list\">\n<li>Kontakt und verantwortlich f\u00fcr die Datenbearbeitung<\/li>\n<\/ol>\n\n\n\n<p><span class=\"cmplz-contact-organisation\">ABS Versicherungs-Treuhand AG<\/span><br>Gewerbestr. 8<br>CH-4553 Subingen<br>Telefonnummer: +41 32 613 32 52<\/p>\n\n\n\n<p><a href=\"&#109;&#x61;&#105;&#x6c;&#116;&#x6f;&#58;&#x61;u&#x73;k&#x75;n&#x66;t&#64;&#x61;&#98;&#x73;&#97;&#x67;&#46;&#x63;&#104;\">Email<\/a><\/p>\n\n\n\n<ol class=\"wp-block-list\" start=\"2\">\n<li>Grunds\u00e4tzliches<\/li>\n<\/ol>\n\n\n\n<p>Diese Website kann grunds\u00e4tzlich ohne die Eingabe von personenbezogenen Daten genutzt werden. Falls Personendaten eingegeben werden, bearbeiten wir diese im Einklang mit dem aktuell geltenden Bundesgesetz \u00fcber den Datenschutz DVSGO<\/p>\n\n\n\n<p>Der Zugriff auf diese Website erfolgt mittels einer SSL-\/TLS-Verschl\u00fcsselung. Dies dient der Sicherheit und sch\u00fctzt die \u00dcbertragung pers\u00f6nlicher Daten, beispielsweise via Formular. Eine verschl\u00fcsselte Verbindung erkennen Sie daran, dass in der Adresszeile des Browsers sowohl \u201ehttps:\/\/\u201c als auch ein Schloss-Symbol davor sichtbar ist.<\/p>\n\n\n\n<ol class=\"wp-block-list\" start=\"3\">\n<li>Server-Log-Files<\/li>\n<\/ol>\n\n\n\n<p>Der Provider dieser Website erhebt und speichert automatisch Informationen in so genannten Server-Log Files, die Ihr Browser automatisch an uns \u00fcbermittelt. Diese sind:<\/p>\n\n\n\n<pre class=\"wp-block-code\"><code>Browsertyp und Browserversion\nverwendetes Betriebssystem\nReferrer URL\nHostname des zugreifenden Rechners\nUhrzeit der Serveranfrage<\/code><\/pre>\n\n\n\n<p>Diese Daten sind nicht bestimmten Personen zuordbar. Eine Zusammenf\u00fchrung dieser Daten mit anderen Datenquellen wird nicht vorgenommen. Wir behalten uns vor, diese Daten nachtr\u00e4glich zu pr\u00fcfen, wenn uns konkrete Anhaltspunkte f\u00fcr eine rechtswidrige Nutzung bekannt werden.<\/p>\n\n\n\n<ol class=\"wp-block-list\" start=\"4\">\n<li>Zweck der Datenerhebung<\/li>\n<\/ol>\n\n\n\n<p>Alle Personendaten werden von uns ausschliesslich zum Zweck der Verwaltung der Kundenbeziehung, zu Kommunikationszwecken sowie f\u00fcr die Rechnungsstellung verwendet.<\/p>\n\n\n\n<p>4.1 Kontaktformulare<\/p>\n\n\n\n<p>Wenn Sie uns per Kontaktformular eine Anfrage zukommen l\u00e4sst, werden Ihre Angaben aus dem Formular \u00fcber eine per SSL verschl\u00fcsselte Verbindung (HTTPS) direkt an uns verschickt.<\/p>\n\n\n\n<p>Ohne Ihr ausdr\u00fcckliches Einverst\u00e4ndnis werden diese Daten nicht an Dritte weitergegeben und auch nicht verkauft.<\/p>\n\n\n\n<p>4.2 Kommentare<\/p>\n\n\n\n<p>Die Kommentarfunktion auf unserer Website ist ausgeschaltet.<\/p>\n\n\n\n<ol class=\"wp-block-list\" start=\"5\">\n<li>Umgang mit den erhaltenen Daten und deren Schutz (Datensicherheit)<\/li>\n<\/ol>\n\n\n\n<p>Es werden geeignete technische und organisatorische Massnahmen eingesetzt, um die erhobenen Personendaten vor Verlust, Diebstahl und unberechtigtem Zugriff zu sch\u00fctzen. Wir \u00fcberpr\u00fcfen diese Sicherheits-Einstellungen, -Richtlinien und -Verfahren regelm\u00e4ssig, um sicherzustellen, dass die Systeme sicher sind.<\/p>\n\n\n\n<ol class=\"wp-block-list\" start=\"6\">\n<li>Dauer der Speicherung, Widerruf und Beseitigung<\/li>\n<\/ol>\n\n\n\n<p>Die Daten werden so lange gespeichert, bis Sie die Verarbeitung widerrufen. Sie haben jederzeit die M\u00f6glichkeit, die Einwilligung zur Verarbeitung der Daten zu widerrufen.<\/p>\n\n\n\n<p>Daten, welche via Formular zur Offert Erstellung an uns \u00fcbermittelt werden, werden nicht direkt auf dem Server gespeichert, sondern nur als Mail versandt und nach Verwendung gel\u00f6scht.<\/p>\n\n\n\n<ol class=\"wp-block-list\" start=\"7\">\n<li>Digitale Video-Inhalte<\/li>\n<\/ol>\n\n\n\n<p>Wir nutzen Dienste von spezialisierten Dritten, um das direkte Abspielen von digitalen Video-Inhalten zu erm\u00f6glichen.<\/p>\n\n\n\n<p>Google Maps; Anbieterin: Google;<\/p>\n\n\n\n<ol class=\"wp-block-list\" start=\"8\">\n<li>\u00c4nderungen<\/li>\n<\/ol>\n\n\n\n<p>Diese Datenschutzerkl\u00e4rung k\u00f6nnen wir jederzeit und ohne Vorank\u00fcndigung anpassen. Es gilt die jeweils aktuelle, auf dieser Website publizierte Fassung. Soweit die Datenschutzerkl\u00e4rung Teil einer Vereinbarung mit Ihnen ist, werden wir Sie im Falle einer Aktualisierung \u00fcber die \u00c4nderung in geeigneter Form kontaktieren.<\/p>\n\n\n\n<p>Diese Datenschutzerkl\u00e4rung wurde zuletzt am 28.08.2023 aktualisiert.<\/p>\n","protected":false},"excerpt":{"rendered":"<p>ABS Versicherungs-Treuhand AGGewerbestr. 8CH-4553 SubingenTelefonnummer: +41 32 613 32 52 Email Diese Website kann grunds\u00e4tzlich ohne die Eingabe von personenbezogenen Daten genutzt werden. Falls Personendaten eingegeben werden, bearbeiten wir diese im Einklang mit dem aktuell geltenden Bundesgesetz \u00fcber den Datenschutz DVSGO Der Zugriff auf diese Website erfolgt mittels einer SSL-\/TLS-Verschl\u00fcsselung. Dies dient der Sicherheit und &#8230; <a title=\"Datenrichtlinien\" class=\"read-more\" href=\"https:\/\/www.absag.ch\/?page_id=349\" aria-label=\"Mehr Informationen \u00fcber Datenrichtlinien\">Weiterlesen<\/a><\/p>\n","protected":false},"author":1,"featured_media":0,"parent":82,"menu_order":4,"comment_status":"closed","ping_status":"closed","template":"","meta":{"_eb_attr":"","_uag_custom_page_level_css":"","pgc_sgb_lightbox_settings":"","footnotes":""},"class_list":["post-349","page","type-page","status-publish"],"uagb_featured_image_src":{"full":false,"thumbnail":false,"medium":false,"medium_large":false,"large":false,"1536x1536":false,"2048x2048":false},"uagb_author_info":{"display_name":"admin","author_link":"https:\/\/www.absag.ch\/?author=1"},"uagb_comment_info":0,"uagb_excerpt":"ABS Versicherungs-Treuhand AGGewerbestr. 8CH-4553 SubingenTelefonnummer: +41 32 613 32 52 Email Diese Website kann grunds\u00e4tzlich ohne die Eingabe von personenbezogenen Daten genutzt werden. Falls Personendaten eingegeben werden, bearbeiten wir diese im Einklang mit dem aktuell geltenden Bundesgesetz \u00fcber den Datenschutz DVSGO Der Zugriff auf diese Website erfolgt mittels einer SSL-\/TLS-Verschl\u00fcsselung. Dies dient der Sicherheit und&hellip;","_links":{"self":[{"href":"https:\/\/www.absag.ch\/index.php?rest_route=\/wp\/v2\/pages\/349","targetHints":{"allow":["GET"]}}],"collection":[{"href":"https:\/\/www.absag.ch\/index.php?rest_route=\/wp\/v2\/pages"}],"about":[{"href":"https:\/\/www.absag.ch\/index.php?rest_route=\/wp\/v2\/types\/page"}],"author":[{"embeddable":true,"href":"https:\/\/www.absag.ch\/index.php?rest_route=\/wp\/v2\/users\/1"}],"replies":[{"embeddable":true,"href":"https:\/\/www.absag.ch\/index.php?rest_route=%2Fwp%2Fv2%2Fcomments&post=349"}],"version-history":[{"count":2,"href":"https:\/\/www.absag.ch\/index.php?rest_route=\/wp\/v2\/pages\/349\/revisions"}],"predecessor-version":[{"id":358,"href":"https:\/\/www.absag.ch\/index.php?rest_route=\/wp\/v2\/pages\/349\/revisions\/358"}],"up":[{"embeddable":true,"href":"https:\/\/www.absag.ch\/index.php?rest_route=\/wp\/v2\/pages\/82"}],"wp:attachment":[{"href":"https:\/\/www.absag.ch\/index.php?rest_route=%2Fwp%2Fv2%2Fmedia&parent=349"}],"curies":[{"name":"wp","href":"https:\/\/api.w.org\/{rel}","templated":true}]}}