{"id":56,"date":"2019-07-31T10:10:10","date_gmt":"2019-07-31T10:10:10","guid":{"rendered":"https:\/\/www.absag.ch\/?page_id=56"},"modified":"2022-04-28T11:59:40","modified_gmt":"2022-04-28T11:59:40","slug":"kundensegmente","status":"publish","type":"page","link":"https:\/\/www.absag.ch\/?page_id=56","title":{"rendered":"Kundensegmente"},"content":{"rendered":"\n<p><strong>KMU Bereich und \u00f6ffentliche Verwaltungen<\/strong><\/p>\n\n\n\n<p>Zu den Kunden der ABS z\u00e4hlen Unternehmungen im KMU Bereich und \u00f6ffentliche Verwaltungen :<\/p>\n\n\n\n<ul class=\"wp-block-list\"><li>Gewerbe<\/li><li>Handel<\/li><li>Dienstleistungsbetriebe<\/li><li>Spit\u00e4ler<\/li><li>\u00f6ffentliche Verwaltungen<\/li><li>Alters- und Pflegeheime<\/li><li>Spitexvereine<\/li><li>spezielle Arbeitsgemeinschaften <\/li><\/ul>\n\n\n\n<p>Nach einem pers\u00f6nlichen Gespr\u00e4ch \u00fcbergibt die ABS gerne die aktuelle Referenzliste. <\/p>\n","protected":false},"excerpt":{"rendered":"<p>KMU Bereich und \u00f6ffentliche Verwaltungen Zu den Kunden der ABS z\u00e4hlen Unternehmungen im KMU Bereich und \u00f6ffentliche Verwaltungen : Gewerbe Handel Dienstleistungsbetriebe Spit\u00e4ler \u00f6ffentliche Verwaltungen Alters- und Pflegeheime Spitexvereine spezielle Arbeitsgemeinschaften Nach einem pers\u00f6nlichen Gespr\u00e4ch \u00fcbergibt die ABS gerne die aktuelle Referenzliste.<\/p>\n","protected":false},"author":1,"featured_media":0,"parent":48,"menu_order":3,"comment_status":"closed","ping_status":"closed","template":"","meta":{"_eb_attr":"","_uag_custom_page_level_css":"","pgc_sgb_lightbox_settings":"","footnotes":""},"class_list":["post-56","page","type-page","status-publish"],"uagb_featured_image_src":{"full":false,"thumbnail":false,"medium":false,"medium_large":false,"large":false,"1536x1536":false,"2048x2048":false},"uagb_author_info":{"display_name":"admin","author_link":"https:\/\/www.absag.ch\/?author=1"},"uagb_comment_info":0,"uagb_excerpt":"KMU Bereich und \u00f6ffentliche Verwaltungen Zu den Kunden der ABS z\u00e4hlen Unternehmungen im KMU Bereich und \u00f6ffentliche Verwaltungen : Gewerbe Handel Dienstleistungsbetriebe Spit\u00e4ler \u00f6ffentliche Verwaltungen Alters- und Pflegeheime Spitexvereine spezielle Arbeitsgemeinschaften Nach einem pers\u00f6nlichen Gespr\u00e4ch \u00fcbergibt die ABS gerne die aktuelle Referenzliste.","_links":{"self":[{"href":"https:\/\/www.absag.ch\/index.php?rest_route=\/wp\/v2\/pages\/56","targetHints":{"allow":["GET"]}}],"collection":[{"href":"https:\/\/www.absag.ch\/index.php?rest_route=\/wp\/v2\/pages"}],"about":[{"href":"https:\/\/www.absag.ch\/index.php?rest_route=\/wp\/v2\/types\/page"}],"author":[{"embeddable":true,"href":"https:\/\/www.absag.ch\/index.php?rest_route=\/wp\/v2\/users\/1"}],"replies":[{"embeddable":true,"href":"https:\/\/www.absag.ch\/index.php?rest_route=%2Fwp%2Fv2%2Fcomments&post=56"}],"version-history":[{"count":3,"href":"https:\/\/www.absag.ch\/index.php?rest_route=\/wp\/v2\/pages\/56\/revisions"}],"predecessor-version":[{"id":307,"href":"https:\/\/www.absag.ch\/index.php?rest_route=\/wp\/v2\/pages\/56\/revisions\/307"}],"up":[{"embeddable":true,"href":"https:\/\/www.absag.ch\/index.php?rest_route=\/wp\/v2\/pages\/48"}],"wp:attachment":[{"href":"https:\/\/www.absag.ch\/index.php?rest_route=%2Fwp%2Fv2%2Fmedia&parent=56"}],"curies":[{"name":"wp","href":"https:\/\/api.w.org\/{rel}","templated":true}]}}