{"id":60,"date":"2019-07-31T10:16:02","date_gmt":"2019-07-31T10:16:02","guid":{"rendered":"https:\/\/www.absag.ch\/?page_id=60"},"modified":"2019-08-02T10:27:59","modified_gmt":"2019-08-02T10:27:59","slug":"allgemein","status":"publish","type":"page","link":"https:\/\/www.absag.ch\/?page_id=60","title":{"rendered":"Allgemein"},"content":{"rendered":"\n<p><strong>breite Dienstleistungspalette !<\/strong><\/p>\n\n\n\n<p>Die ABS bietet neutrale und gesellschaftsunabh\u00e4ngige Versicherungsberatung im Nicht-Lebenbereich an und verwaltet bestehende und zuk\u00fcnftige Versicherungsvertr\u00e4ge des Auftragsgebers. Die Dienstleistungen der ABS umfassen insbesondere :<\/p>\n\n\n\n<ul class=\"wp-block-list\"><li>die Portefeuille-Analyse<\/li><li>Umsetzung von Sofortmassnahmen<\/li><li>das Einholen von Offerten und Deckungszusagen<\/li><li>Offertvergleiche<\/li><li>Optimierung des Versicherungs-Portefeuilles<\/li><li>die dauernde Ueberwachung und Kontrolle aller Versicherungsvertr\u00e4ge<\/li><\/ul>\n\n\n\n<p><strong>Weitergehende Dienstleistungen<\/strong><\/p>\n\n\n\n<p>Weitergehende Dienstleistungen, wie das Erstellen von Riskmanagement Unterlagen, Handb\u00fccher, ART (Alternativer Risktransfer) usw. k\u00f6nnen bei der ABS bezogen werden.<\/p>\n","protected":false},"excerpt":{"rendered":"<p>breite Dienstleistungspalette ! Die ABS bietet neutrale und gesellschaftsunabh\u00e4ngige Versicherungsberatung im Nicht-Lebenbereich an und verwaltet bestehende und zuk\u00fcnftige Versicherungsvertr\u00e4ge des Auftragsgebers. Die Dienstleistungen der ABS umfassen insbesondere : die Portefeuille-Analyse Umsetzung von Sofortmassnahmen das Einholen von Offerten und Deckungszusagen Offertvergleiche Optimierung des Versicherungs-Portefeuilles die dauernde Ueberwachung und Kontrolle aller Versicherungsvertr\u00e4ge Weitergehende Dienstleistungen Weitergehende Dienstleistungen, wie &#8230; <a title=\"Allgemein\" class=\"read-more\" href=\"https:\/\/www.absag.ch\/?page_id=60\" aria-label=\"Mehr Informationen \u00fcber Allgemein\">Weiterlesen<\/a><\/p>\n","protected":false},"author":1,"featured_media":0,"parent":58,"menu_order":0,"comment_status":"closed","ping_status":"closed","template":"","meta":{"_eb_attr":"","_uag_custom_page_level_css":"","pgc_sgb_lightbox_settings":"","footnotes":""},"class_list":["post-60","page","type-page","status-publish"],"uagb_featured_image_src":{"full":false,"thumbnail":false,"medium":false,"medium_large":false,"large":false,"1536x1536":false,"2048x2048":false},"uagb_author_info":{"display_name":"admin","author_link":"https:\/\/www.absag.ch\/?author=1"},"uagb_comment_info":0,"uagb_excerpt":"breite Dienstleistungspalette ! Die ABS bietet neutrale und gesellschaftsunabh\u00e4ngige Versicherungsberatung im Nicht-Lebenbereich an und verwaltet bestehende und zuk\u00fcnftige Versicherungsvertr\u00e4ge des Auftragsgebers. Die Dienstleistungen der ABS umfassen insbesondere : die Portefeuille-Analyse Umsetzung von Sofortmassnahmen das Einholen von Offerten und Deckungszusagen Offertvergleiche Optimierung des Versicherungs-Portefeuilles die dauernde Ueberwachung und Kontrolle aller Versicherungsvertr\u00e4ge Weitergehende Dienstleistungen Weitergehende Dienstleistungen, wie&hellip;","_links":{"self":[{"href":"https:\/\/www.absag.ch\/index.php?rest_route=\/wp\/v2\/pages\/60","targetHints":{"allow":["GET"]}}],"collection":[{"href":"https:\/\/www.absag.ch\/index.php?rest_route=\/wp\/v2\/pages"}],"about":[{"href":"https:\/\/www.absag.ch\/index.php?rest_route=\/wp\/v2\/types\/page"}],"author":[{"embeddable":true,"href":"https:\/\/www.absag.ch\/index.php?rest_route=\/wp\/v2\/users\/1"}],"replies":[{"embeddable":true,"href":"https:\/\/www.absag.ch\/index.php?rest_route=%2Fwp%2Fv2%2Fcomments&post=60"}],"version-history":[{"count":2,"href":"https:\/\/www.absag.ch\/index.php?rest_route=\/wp\/v2\/pages\/60\/revisions"}],"predecessor-version":[{"id":144,"href":"https:\/\/www.absag.ch\/index.php?rest_route=\/wp\/v2\/pages\/60\/revisions\/144"}],"up":[{"embeddable":true,"href":"https:\/\/www.absag.ch\/index.php?rest_route=\/wp\/v2\/pages\/58"}],"wp:attachment":[{"href":"https:\/\/www.absag.ch\/index.php?rest_route=%2Fwp%2Fv2%2Fmedia&parent=60"}],"curies":[{"name":"wp","href":"https:\/\/api.w.org\/{rel}","templated":true}]}}