{"id":64,"date":"2019-07-31T10:19:25","date_gmt":"2019-07-31T10:19:25","guid":{"rendered":"https:\/\/www.absag.ch\/?page_id=64"},"modified":"2019-08-02T10:29:06","modified_gmt":"2019-08-02T10:29:06","slug":"honorarauftrag","status":"publish","type":"page","link":"https:\/\/www.absag.ch\/?page_id=64","title":{"rendered":"Honorarauftrag"},"content":{"rendered":"\n<p><strong>nur f\u00fcr Bezug einzelner Teile der ABS Dienstleistungspalette<\/strong><\/p>\n\n\n\n<p>Diese Form der Zusammenarbeit eignet sich f\u00fcr Kunden, welche nur einzelne Teile der Dienstleistungspalette beziehen wollen und dann direkt mit den Versicherungs-Gesellschaften verhandeln.<\/p>\n\n\n\n<p>In einem pers\u00f6nlichen Gespr\u00e4ch wird ermittelt, welche Form der Zusammenarbeit erw\u00fcnscht ist. <\/p>\n","protected":false},"excerpt":{"rendered":"<p>nur f\u00fcr Bezug einzelner Teile der ABS Dienstleistungspalette Diese Form der Zusammenarbeit eignet sich f\u00fcr Kunden, welche nur einzelne Teile der Dienstleistungspalette beziehen wollen und dann direkt mit den Versicherungs-Gesellschaften verhandeln. In einem pers\u00f6nlichen Gespr\u00e4ch wird ermittelt, welche Form der Zusammenarbeit erw\u00fcnscht ist.<\/p>\n","protected":false},"author":1,"featured_media":0,"parent":60,"menu_order":1,"comment_status":"closed","ping_status":"closed","template":"","meta":{"_eb_attr":"","_uag_custom_page_level_css":"","pgc_sgb_lightbox_settings":"","footnotes":""},"class_list":["post-64","page","type-page","status-publish"],"uagb_featured_image_src":{"full":false,"thumbnail":false,"medium":false,"medium_large":false,"large":false,"1536x1536":false,"2048x2048":false},"uagb_author_info":{"display_name":"admin","author_link":"https:\/\/www.absag.ch\/?author=1"},"uagb_comment_info":0,"uagb_excerpt":"nur f\u00fcr Bezug einzelner Teile der ABS Dienstleistungspalette Diese Form der Zusammenarbeit eignet sich f\u00fcr Kunden, welche nur einzelne Teile der Dienstleistungspalette beziehen wollen und dann direkt mit den Versicherungs-Gesellschaften verhandeln. In einem pers\u00f6nlichen Gespr\u00e4ch wird ermittelt, welche Form der Zusammenarbeit erw\u00fcnscht ist.","_links":{"self":[{"href":"https:\/\/www.absag.ch\/index.php?rest_route=\/wp\/v2\/pages\/64","targetHints":{"allow":["GET"]}}],"collection":[{"href":"https:\/\/www.absag.ch\/index.php?rest_route=\/wp\/v2\/pages"}],"about":[{"href":"https:\/\/www.absag.ch\/index.php?rest_route=\/wp\/v2\/types\/page"}],"author":[{"embeddable":true,"href":"https:\/\/www.absag.ch\/index.php?rest_route=\/wp\/v2\/users\/1"}],"replies":[{"embeddable":true,"href":"https:\/\/www.absag.ch\/index.php?rest_route=%2Fwp%2Fv2%2Fcomments&post=64"}],"version-history":[{"count":2,"href":"https:\/\/www.absag.ch\/index.php?rest_route=\/wp\/v2\/pages\/64\/revisions"}],"predecessor-version":[{"id":146,"href":"https:\/\/www.absag.ch\/index.php?rest_route=\/wp\/v2\/pages\/64\/revisions\/146"}],"up":[{"embeddable":true,"href":"https:\/\/www.absag.ch\/index.php?rest_route=\/wp\/v2\/pages\/60"}],"wp:attachment":[{"href":"https:\/\/www.absag.ch\/index.php?rest_route=%2Fwp%2Fv2%2Fmedia&parent=64"}],"curies":[{"name":"wp","href":"https:\/\/api.w.org\/{rel}","templated":true}]}}