{"id":78,"date":"2019-07-31T10:26:44","date_gmt":"2019-07-31T10:26:44","guid":{"rendered":"https:\/\/www.absag.ch\/?page_id=78"},"modified":"2019-08-02T12:47:33","modified_gmt":"2019-08-02T12:47:33","slug":"bauzeit","status":"publish","type":"page","link":"https:\/\/www.absag.ch\/?page_id=78","title":{"rendered":"Bauzeit"},"content":{"rendered":"\n<p><strong>Es ist wieder Bauzeit!<\/strong><\/p>\n\n\n\n<h2 class=\"wp-block-heading\">Bauwesen &#8211; und Bauherrenhaftpflicht<\/h2>\n\n\n\n<p>Nebst der meist obligatorischen Versicherung (Feuer und Elementar beim Kanton) sorgen zwei freiwillige Versicherungen f\u00fcr zus\u00e4tzlichen Schutz w\u00e4hrend der Bauzeit.<br>Bevor das Geb\u00e4ude vollendet oder umgebaut ist, kann eine Bauwesenversicherung sehr n\u00fctzlich sein.<br>Sie deckt Sch\u00e4den, die durch keine andere Versicherung abgedeckt sind\u2026.<\/p>\n\n\n\n<p>>> weiterf\u00fchrende Informationen finden Sie hier im PDF <a rel=\"noreferrer noopener\" aria-label=\"Es ist Bauzeit.pdf (\u00f6ffnet in neuem Tab)\" href=\"https:\/\/www.absag.ch\/wp-content\/uploads\/2019\/08\/Es_ist_Bauzeit.pdf\" target=\"_blank\">Es ist Bauzeit.pdf<\/a><\/p>\n","protected":false},"excerpt":{"rendered":"<p>Es ist wieder Bauzeit! Bauwesen &#8211; und Bauherrenhaftpflicht Nebst der meist obligatorischen Versicherung (Feuer und Elementar beim Kanton) sorgen zwei freiwillige Versicherungen f\u00fcr zus\u00e4tzlichen Schutz w\u00e4hrend der Bauzeit.Bevor das Geb\u00e4ude vollendet oder umgebaut ist, kann eine Bauwesenversicherung sehr n\u00fctzlich sein.Sie deckt Sch\u00e4den, die durch keine andere Versicherung abgedeckt sind\u2026. >> weiterf\u00fchrende Informationen finden Sie hier &#8230; <a title=\"Bauzeit\" class=\"read-more\" href=\"https:\/\/www.absag.ch\/?page_id=78\" aria-label=\"Mehr Informationen \u00fcber Bauzeit\">Weiterlesen<\/a><\/p>\n","protected":false},"author":1,"featured_media":0,"parent":76,"menu_order":0,"comment_status":"closed","ping_status":"closed","template":"","meta":{"_eb_attr":"","_uag_custom_page_level_css":"","pgc_sgb_lightbox_settings":"","footnotes":""},"class_list":["post-78","page","type-page","status-publish"],"uagb_featured_image_src":{"full":false,"thumbnail":false,"medium":false,"medium_large":false,"large":false,"1536x1536":false,"2048x2048":false},"uagb_author_info":{"display_name":"admin","author_link":"https:\/\/www.absag.ch\/?author=1"},"uagb_comment_info":0,"uagb_excerpt":"Es ist wieder Bauzeit! Bauwesen &#8211; und Bauherrenhaftpflicht Nebst der meist obligatorischen Versicherung (Feuer und Elementar beim Kanton) sorgen zwei freiwillige Versicherungen f\u00fcr zus\u00e4tzlichen Schutz w\u00e4hrend der Bauzeit.Bevor das Geb\u00e4ude vollendet oder umgebaut ist, kann eine Bauwesenversicherung sehr n\u00fctzlich sein.Sie deckt Sch\u00e4den, die durch keine andere Versicherung abgedeckt sind\u2026. >> weiterf\u00fchrende Informationen finden Sie hier&hellip;","_links":{"self":[{"href":"https:\/\/www.absag.ch\/index.php?rest_route=\/wp\/v2\/pages\/78","targetHints":{"allow":["GET"]}}],"collection":[{"href":"https:\/\/www.absag.ch\/index.php?rest_route=\/wp\/v2\/pages"}],"about":[{"href":"https:\/\/www.absag.ch\/index.php?rest_route=\/wp\/v2\/types\/page"}],"author":[{"embeddable":true,"href":"https:\/\/www.absag.ch\/index.php?rest_route=\/wp\/v2\/users\/1"}],"replies":[{"embeddable":true,"href":"https:\/\/www.absag.ch\/index.php?rest_route=%2Fwp%2Fv2%2Fcomments&post=78"}],"version-history":[{"count":6,"href":"https:\/\/www.absag.ch\/index.php?rest_route=\/wp\/v2\/pages\/78\/revisions"}],"predecessor-version":[{"id":186,"href":"https:\/\/www.absag.ch\/index.php?rest_route=\/wp\/v2\/pages\/78\/revisions\/186"}],"up":[{"embeddable":true,"href":"https:\/\/www.absag.ch\/index.php?rest_route=\/wp\/v2\/pages\/76"}],"wp:attachment":[{"href":"https:\/\/www.absag.ch\/index.php?rest_route=%2Fwp%2Fv2%2Fmedia&parent=78"}],"curies":[{"name":"wp","href":"https:\/\/api.w.org\/{rel}","templated":true}]}}