{"id":80,"date":"2019-07-31T10:27:15","date_gmt":"2019-07-31T10:27:15","guid":{"rendered":"https:\/\/www.absag.ch\/?page_id=80"},"modified":"2019-08-02T12:47:58","modified_gmt":"2019-08-02T12:47:58","slug":"gesetzesaenderungen","status":"publish","type":"page","link":"https:\/\/www.absag.ch\/?page_id=80","title":{"rendered":"Gesetzes\u00e4nderungen"},"content":{"rendered":"\n<p>Versicherungsvertrags-Gesetz<\/p>\n\n\n\n<p><strong>Informationspflicht des Arbeitgebers gem\u00e4ss Art. 3 des VVG<\/strong><\/p>\n\n\n\n<p>Bei Kollektivvertr\u00e4gen, die anderen Personen als den Versicherungsnehmern einen direkten Leistungsanspruch verleihen, wie Vertr\u00e4ge in den Bereichen Krankentaggeld und UVG Zusatzversicherungen, sind die Arbeitgeber verpflichtet, ihre Mitarbeitenden \u00fcber den wesentlichen Inhalt zu informieren.<br>Die ABS Versicherungs-Treuhand AG unterst\u00fctzt den Arbeitgeber bei der Erf\u00fcllung dieser Informationspflicht. Bei Bedarf nehmen Sie bitte mit uns <a href=\"https:\/\/www.absag.ch\/?page_id=84\">Kontakt <\/a>auf.<\/p>\n\n\n\n<hr class=\"wp-block-separator\"\/>\n\n\n\n<p>Neue schweizerische Zivilprozess- (ZPO) undStrafprozessordnung (StPO) ab 01.01.2011<\/p>\n\n\n\n<p>Rechtsschutzversicherung wird immer wichtiger<\/p>\n\n\n\n<p>Am 1. Januar 2011 treten die neue schweizerische Zivilprozessordnung (ZPO) und die Strafprozessordnung (StPO) in Kraft. Sie vereinheitlichen das Prozessrecht und l\u00f6sen damit die 26 sehr unterschiedlichen kantonalen Regelungen ab.<\/p>\n\n\n\n<p>>> weitere Informationen: <a rel=\"noreferrer noopener\" aria-label=\"Neue schweizerische Zivilprozess- (ZPO) und Straffprozessordnung.pdf (\u00f6ffnet in neuem Tab)\" href=\"https:\/\/www.absag.ch\/wp-content\/uploads\/2019\/08\/Neue_schweizerische_Zivilprozess-_ZPO_und_Strafprozessordnung_ab_01.01.2011.pdf\" target=\"_blank\">Neue schweizerische Zivilprozess- (ZPO) und Straffprozessordnung.pdf<\/a><\/p>\n","protected":false},"excerpt":{"rendered":"<p>Versicherungsvertrags-Gesetz Informationspflicht des Arbeitgebers gem\u00e4ss Art. 3 des VVG Bei Kollektivvertr\u00e4gen, die anderen Personen als den Versicherungsnehmern einen direkten Leistungsanspruch verleihen, wie Vertr\u00e4ge in den Bereichen Krankentaggeld und UVG Zusatzversicherungen, sind die Arbeitgeber verpflichtet, ihre Mitarbeitenden \u00fcber den wesentlichen Inhalt zu informieren.Die ABS Versicherungs-Treuhand AG unterst\u00fctzt den Arbeitgeber bei der Erf\u00fcllung dieser Informationspflicht. Bei Bedarf &#8230; <a title=\"Gesetzes\u00e4nderungen\" class=\"read-more\" href=\"https:\/\/www.absag.ch\/?page_id=80\" aria-label=\"Mehr Informationen \u00fcber Gesetzes\u00e4nderungen\">Weiterlesen<\/a><\/p>\n","protected":false},"author":1,"featured_media":0,"parent":76,"menu_order":1,"comment_status":"closed","ping_status":"closed","template":"","meta":{"_eb_attr":"","_uag_custom_page_level_css":"","pgc_sgb_lightbox_settings":"","footnotes":""},"class_list":["post-80","page","type-page","status-publish"],"uagb_featured_image_src":{"full":false,"thumbnail":false,"medium":false,"medium_large":false,"large":false,"1536x1536":false,"2048x2048":false},"uagb_author_info":{"display_name":"admin","author_link":"https:\/\/www.absag.ch\/?author=1"},"uagb_comment_info":0,"uagb_excerpt":"Versicherungsvertrags-Gesetz Informationspflicht des Arbeitgebers gem\u00e4ss Art. 3 des VVG Bei Kollektivvertr\u00e4gen, die anderen Personen als den Versicherungsnehmern einen direkten Leistungsanspruch verleihen, wie Vertr\u00e4ge in den Bereichen Krankentaggeld und UVG Zusatzversicherungen, sind die Arbeitgeber verpflichtet, ihre Mitarbeitenden \u00fcber den wesentlichen Inhalt zu informieren.Die ABS Versicherungs-Treuhand AG unterst\u00fctzt den Arbeitgeber bei der Erf\u00fcllung dieser Informationspflicht. Bei Bedarf&hellip;","_links":{"self":[{"href":"https:\/\/www.absag.ch\/index.php?rest_route=\/wp\/v2\/pages\/80","targetHints":{"allow":["GET"]}}],"collection":[{"href":"https:\/\/www.absag.ch\/index.php?rest_route=\/wp\/v2\/pages"}],"about":[{"href":"https:\/\/www.absag.ch\/index.php?rest_route=\/wp\/v2\/types\/page"}],"author":[{"embeddable":true,"href":"https:\/\/www.absag.ch\/index.php?rest_route=\/wp\/v2\/users\/1"}],"replies":[{"embeddable":true,"href":"https:\/\/www.absag.ch\/index.php?rest_route=%2Fwp%2Fv2%2Fcomments&post=80"}],"version-history":[{"count":4,"href":"https:\/\/www.absag.ch\/index.php?rest_route=\/wp\/v2\/pages\/80\/revisions"}],"predecessor-version":[{"id":187,"href":"https:\/\/www.absag.ch\/index.php?rest_route=\/wp\/v2\/pages\/80\/revisions\/187"}],"up":[{"embeddable":true,"href":"https:\/\/www.absag.ch\/index.php?rest_route=\/wp\/v2\/pages\/76"}],"wp:attachment":[{"href":"https:\/\/www.absag.ch\/index.php?rest_route=%2Fwp%2Fv2%2Fmedia&parent=80"}],"curies":[{"name":"wp","href":"https:\/\/api.w.org\/{rel}","templated":true}]}}