{"id":88,"date":"2019-07-31T10:31:03","date_gmt":"2019-07-31T10:31:03","guid":{"rendered":"https:\/\/www.absag.ch\/?page_id=88"},"modified":"2025-11-24T14:10:18","modified_gmt":"2025-11-24T14:10:18","slug":"home","status":"publish","type":"page","link":"https:\/\/www.absag.ch\/","title":{"rendered":"Home"},"content":{"rendered":"\n<h1 class=\"wp-block-heading\">Willkommen bei der ABS Versicherungs-Treuhand AG<\/h1>\n\n\n\n<p><strong>neutrale und gesellschaftsunabh\u00e4ngige Versicherungsberatung<\/strong><\/p>\n\n\n\n<p>Die Einzelfirma ABS Versicherungs-Treuhand wurde 1993 durch Willi Heimann gegr\u00fcndet und 1994 in eine Aktiengesellschaft umgewandelt. Zum Kerngesch\u00e4ft der Gesellschaft geh\u00f6rt die neutrale und gesellschaftsunabh\u00e4ngige Versicherungsberatung f\u00fcr Unternehmungen und \u00f6ffentliche Verwaltungen.<\/p>\n\n\n\n<p>Hier finden Sie den Handelsregistereintrag : <a href=\"https:\/\/so.chregister.ch\/cr-portal\/auszug\/auszug.xhtml?uid=CHE-107.528.432#\" target=\"_blank\" rel=\"noreferrer noopener\" aria-label=\"Handelsregisteramt des Kt. Solothurn (\u00f6ffnet in neuem Tab)\">Handelsregisteramt des Kt. Solothurn<\/a><\/p>\n\n\n\n<p><\/p>\n\n\n\n<p><\/p>\n","protected":false},"excerpt":{"rendered":"<p>Willkommen bei der ABS Versicherungs-Treuhand AG neutrale und gesellschaftsunabh\u00e4ngige Versicherungsberatung Die Einzelfirma ABS Versicherungs-Treuhand wurde 1993 durch Willi Heimann gegr\u00fcndet und 1994 in eine Aktiengesellschaft umgewandelt. Zum Kerngesch\u00e4ft der Gesellschaft geh\u00f6rt die neutrale und gesellschaftsunabh\u00e4ngige Versicherungsberatung f\u00fcr Unternehmungen und \u00f6ffentliche Verwaltungen. Hier finden Sie den Handelsregistereintrag : Handelsregisteramt des Kt. Solothurn<\/p>\n","protected":false},"author":1,"featured_media":0,"parent":0,"menu_order":5,"comment_status":"closed","ping_status":"closed","template":"","meta":{"_eb_attr":"","_uag_custom_page_level_css":"","pgc_sgb_lightbox_settings":"","footnotes":""},"class_list":["post-88","page","type-page","status-publish"],"uagb_featured_image_src":{"full":false,"thumbnail":false,"medium":false,"medium_large":false,"large":false,"1536x1536":false,"2048x2048":false},"uagb_author_info":{"display_name":"admin","author_link":"https:\/\/www.absag.ch\/?author=1"},"uagb_comment_info":0,"uagb_excerpt":"Willkommen bei der ABS Versicherungs-Treuhand AG neutrale und gesellschaftsunabh\u00e4ngige Versicherungsberatung Die Einzelfirma ABS Versicherungs-Treuhand wurde 1993 durch Willi Heimann gegr\u00fcndet und 1994 in eine Aktiengesellschaft umgewandelt. Zum Kerngesch\u00e4ft der Gesellschaft geh\u00f6rt die neutrale und gesellschaftsunabh\u00e4ngige Versicherungsberatung f\u00fcr Unternehmungen und \u00f6ffentliche Verwaltungen. Hier finden Sie den Handelsregistereintrag : Handelsregisteramt des Kt. Solothurn","_links":{"self":[{"href":"https:\/\/www.absag.ch\/index.php?rest_route=\/wp\/v2\/pages\/88","targetHints":{"allow":["GET"]}}],"collection":[{"href":"https:\/\/www.absag.ch\/index.php?rest_route=\/wp\/v2\/pages"}],"about":[{"href":"https:\/\/www.absag.ch\/index.php?rest_route=\/wp\/v2\/types\/page"}],"author":[{"embeddable":true,"href":"https:\/\/www.absag.ch\/index.php?rest_route=\/wp\/v2\/users\/1"}],"replies":[{"embeddable":true,"href":"https:\/\/www.absag.ch\/index.php?rest_route=%2Fwp%2Fv2%2Fcomments&post=88"}],"version-history":[{"count":16,"href":"https:\/\/www.absag.ch\/index.php?rest_route=\/wp\/v2\/pages\/88\/revisions"}],"predecessor-version":[{"id":411,"href":"https:\/\/www.absag.ch\/index.php?rest_route=\/wp\/v2\/pages\/88\/revisions\/411"}],"wp:attachment":[{"href":"https:\/\/www.absag.ch\/index.php?rest_route=%2Fwp%2Fv2%2Fmedia&parent=88"}],"curies":[{"name":"wp","href":"https:\/\/api.w.org\/{rel}","templated":true}]}}